{"id":7,"date":"2021-04-19T08:42:07","date_gmt":"2021-04-19T06:42:07","guid":{"rendered":"http:\/\/sc-parcs-et-jardins.fr\/?page_id=7"},"modified":"2021-04-27T13:50:57","modified_gmt":"2021-04-27T11:50:57","slug":"entretien-parcs-et-jardins","status":"publish","type":"page","link":"https:\/\/sc-parcs-et-jardins.fr\/index.php\/entretien-parcs-et-jardins\/","title":{"rendered":"Entretien Parcs et Jardins: taille et entretien"},"content":{"rendered":"\n<div class=\"wp-block-media-text alignwide is-stacked-on-mobile\"><figure class=\"wp-block-media-text__media\"><img loading=\"lazy\" width=\"852\" height=\"420\" src=\"https:\/\/sc-parcs-et-jardins.fr\/wp-content\/uploads\/2021\/04\/06-1.jpg\" alt=\"\" class=\"wp-image-73 size-full\" srcset=\"https:\/\/sc-parcs-et-jardins.fr\/wp-content\/uploads\/2021\/04\/06-1.jpg 852w, https:\/\/sc-parcs-et-jardins.fr\/wp-content\/uploads\/2021\/04\/06-1-300x148.jpg 300w, https:\/\/sc-parcs-et-jardins.fr\/wp-content\/uploads\/2021\/04\/06-1-768x379.jpg 768w\" sizes=\"(max-width: 852px) 100vw, 852px\" \/><\/figure><div class=\"wp-block-media-text__content\">\n<h5>50% du paiement d\u00e9ductible des imp\u00f4ts sur les petits travaux de jardinage<\/h5>\n\n\n\n<h5>Paysagistes qualifi\u00e9s, nous r\u00e9alisons des travaux de jardinage et d&rsquo;entretien avec notre propre mat\u00e9riel de professionnels:<\/h5>\n<\/div><\/div>\n\n\n\n<ul><li>La tonte, et l\u2019entretien de gazons<\/li><li>Le d\u00e9broussaillage<\/li><li>L\u2019entretien des massifs et des balcons<\/li><li>Le ramassage des feuilles<\/li><li>La scarification<\/li><li>L\u2019entretien des potagers<\/li><li>L\u2019enl\u00e8vement des d\u00e9chets verts<\/li><li>La petite maintenance r\u00e9guli\u00e8re des all\u00e9es et des terrasses<\/li><li>Le b\u00eachage, le binage et le griffage<\/li><li>Le d\u00e9sherbage<\/li><li>Petit arrachage manuel et \u00e9vacuation des v\u00e9g\u00e9taux<\/li><li>La taille des haies, des fruitiers, des rosiers<\/li><li>La taille d\u2019arbustes etc&#8230;<\/li><\/ul>\n\n\n\n<p>Ces prestations sont effectu\u00e9es pour les r\u00e9sidences principales et secondaires. Il est possible d&rsquo;\u00e9tablir des contrats d&rsquo;entretien \u00e0 l&rsquo;ann\u00e9e<\/p>\n\n\n\n<div class=\"wp-block-image\"><figure class=\"aligncenter size-large\"><img loading=\"lazy\" width=\"270\" height=\"140\" src=\"https:\/\/sc-parcs-et-jardins.fr\/wp-content\/uploads\/2021\/04\/services.png\" alt=\"\" class=\"wp-image-112\"\/><\/figure><\/div>\n\n\n\n<p><strong>LES AVANTAGES:<\/strong><\/p>\n\n\n\n<ul><li>Soci\u00e9t\u00e9 de service \u00e0 la personne, nous sommes agr\u00e9\u00e9s par l&rsquo;Etat et nous faisons b\u00e9n\u00e9ficier \u00e0 tous nos clients:<\/li><li>D&rsquo;une r\u00e9duction ou cr\u00e9dit d&rsquo;imp\u00f4t sur le revenu de 50% des sommes pay\u00e9es<\/li><li>Un contrat\u00a0qui permet un confort et une confiance entre le client et l&rsquo;entreprise<\/li><\/ul>\n\n\n\n<p>Nous proposons des contrats d&rsquo;entretien annuels ou ponctuels avec devis gratuit et personnalis\u00e9s.<br>Zone d&rsquo;intervention : LIMOGES et les alentours.<\/p>\n\n\n\n<p>Site internet services \u00e0 la personne:&nbsp;<a href=\"http:\/\/www.servicesalapersonne.gouv.fr\">http:\/\/www.servicesalapersonne.gouv.fr<\/a><\/p>\n\n\n\n<p>Nous proposons des contrats d&rsquo;entretien annuels ou ponctuels avec devis gratuit et personnalis\u00e9s. Z\u00f4ne d&rsquo;intervention : LIMOGES et les alentours.<br>* les 50% d\u00e9ductible du paiement ne s\u2019applique pas pour les travaux de la Soci\u00e8t\u00e9 SC PARCS ET JARDINS.<\/p>\n","protected":false},"excerpt":{"rendered":"<p>50% du paiement d\u00e9ductible des imp\u00f4ts sur les petits travaux de jardinage Paysagistes qualifi\u00e9s, nous r\u00e9alisons des travaux de jardinage et d&rsquo;entretien avec notre propre mat\u00e9riel de professionnels: La tonte, et l\u2019entretien de gazons Le d\u00e9broussaillage L\u2019entretien des massifs et des balcons Le ramassage des feuilles La scarification L\u2019entretien des potagers L\u2019enl\u00e8vement des d\u00e9chets verts [&hellip;]<\/p>\n","protected":false},"author":1,"featured_media":0,"parent":0,"menu_order":0,"comment_status":"closed","ping_status":"closed","template":"templates\/template-full-width.php","meta":[],"yoast_head":"<!-- This site is optimized with the Yoast SEO plugin v16.1.1 - https:\/\/yoast.com\/wordpress\/plugins\/seo\/ -->\n<title>Entretien Parcs et Jardins: taille et entretien - SC Parcs et Jardins<\/title>\n<link rel=\"canonical\" href=\"https:\/\/sc-parcs-et-jardins.fr\/index.php\/entretien-parcs-et-jardins\/\" \/>\n<meta property=\"og:locale\" content=\"fr_FR\" \/>\n<meta property=\"og:type\" content=\"article\" \/>\n<meta property=\"og:title\" content=\"Entretien Parcs et Jardins: taille et entretien - SC Parcs et Jardins\" \/>\n<meta property=\"og:description\" content=\"50% du paiement d\u00e9ductible des imp\u00f4ts sur les petits travaux de jardinage Paysagistes qualifi\u00e9s, nous r\u00e9alisons des travaux de jardinage et d&rsquo;entretien avec notre propre mat\u00e9riel de professionnels: La tonte, et l\u2019entretien de gazons Le d\u00e9broussaillage L\u2019entretien des massifs et des balcons Le ramassage des feuilles La scarification L\u2019entretien des potagers L\u2019enl\u00e8vement des d\u00e9chets verts [&hellip;]\" \/>\n<meta property=\"og:url\" content=\"https:\/\/sc-parcs-et-jardins.fr\/index.php\/entretien-parcs-et-jardins\/\" \/>\n<meta property=\"og:site_name\" content=\"SC Parcs et Jardins\" \/>\n<meta property=\"article:modified_time\" content=\"2021-04-27T11:50:57+00:00\" \/>\n<meta property=\"og:image\" content=\"http:\/\/sc-parcs-et-jardins.fr\/wp-content\/uploads\/2021\/04\/06-1.jpg\" \/>\n<meta name=\"twitter:card\" content=\"summary_large_image\" \/>\n<meta name=\"twitter:label1\" content=\"Dur\u00e9e de lecture est.\">\n\t<meta name=\"twitter:data1\" content=\"2 minutes\">\n<script type=\"application\/ld+json\" class=\"yoast-schema-graph\">{\"@context\":\"https:\/\/schema.org\",\"@graph\":[{\"@type\":\"Organization\",\"@id\":\"https:\/\/sc-parcs-et-jardins.fr\/#organization\",\"name\":\"Sebastien Combrouze Parcs et Jardins\",\"url\":\"https:\/\/sc-parcs-et-jardins.fr\/\",\"sameAs\":[],\"logo\":{\"@type\":\"ImageObject\",\"@id\":\"https:\/\/sc-parcs-et-jardins.fr\/#logo\",\"inLanguage\":\"fr-FR\",\"url\":\"http:\/\/sc-parcs-et-jardins.fr\/wp-content\/uploads\/2021\/04\/cropped-logo5.png\",\"contentUrl\":\"http:\/\/sc-parcs-et-jardins.fr\/wp-content\/uploads\/2021\/04\/cropped-logo5.png\",\"width\":280,\"height\":105,\"caption\":\"Sebastien Combrouze Parcs et Jardins\"},\"image\":{\"@id\":\"https:\/\/sc-parcs-et-jardins.fr\/#logo\"}},{\"@type\":\"WebSite\",\"@id\":\"https:\/\/sc-parcs-et-jardins.fr\/#website\",\"url\":\"https:\/\/sc-parcs-et-jardins.fr\/\",\"name\":\"SC Parcs et Jardins\",\"description\":\"\",\"publisher\":{\"@id\":\"https:\/\/sc-parcs-et-jardins.fr\/#organization\"},\"potentialAction\":[{\"@type\":\"SearchAction\",\"target\":\"https:\/\/sc-parcs-et-jardins.fr\/?s={search_term_string}\",\"query-input\":\"required name=search_term_string\"}],\"inLanguage\":\"fr-FR\"},{\"@type\":\"ImageObject\",\"@id\":\"https:\/\/sc-parcs-et-jardins.fr\/index.php\/entretien-parcs-et-jardins\/#primaryimage\",\"inLanguage\":\"fr-FR\",\"url\":\"http:\/\/sc-parcs-et-jardins.fr\/wp-content\/uploads\/2021\/04\/06-1.jpg\",\"contentUrl\":\"http:\/\/sc-parcs-et-jardins.fr\/wp-content\/uploads\/2021\/04\/06-1.jpg\"},{\"@type\":\"WebPage\",\"@id\":\"https:\/\/sc-parcs-et-jardins.fr\/index.php\/entretien-parcs-et-jardins\/#webpage\",\"url\":\"https:\/\/sc-parcs-et-jardins.fr\/index.php\/entretien-parcs-et-jardins\/\",\"name\":\"Entretien Parcs et Jardins: taille et entretien - SC Parcs et Jardins\",\"isPartOf\":{\"@id\":\"https:\/\/sc-parcs-et-jardins.fr\/#website\"},\"primaryImageOfPage\":{\"@id\":\"https:\/\/sc-parcs-et-jardins.fr\/index.php\/entretien-parcs-et-jardins\/#primaryimage\"},\"datePublished\":\"2021-04-19T06:42:07+00:00\",\"dateModified\":\"2021-04-27T11:50:57+00:00\",\"breadcrumb\":{\"@id\":\"https:\/\/sc-parcs-et-jardins.fr\/index.php\/entretien-parcs-et-jardins\/#breadcrumb\"},\"inLanguage\":\"fr-FR\",\"potentialAction\":[{\"@type\":\"ReadAction\",\"target\":[\"https:\/\/sc-parcs-et-jardins.fr\/index.php\/entretien-parcs-et-jardins\/\"]}]},{\"@type\":\"BreadcrumbList\",\"@id\":\"https:\/\/sc-parcs-et-jardins.fr\/index.php\/entretien-parcs-et-jardins\/#breadcrumb\",\"itemListElement\":[{\"@type\":\"ListItem\",\"position\":1,\"item\":{\"@type\":\"WebPage\",\"@id\":\"https:\/\/sc-parcs-et-jardins.fr\/\",\"url\":\"https:\/\/sc-parcs-et-jardins.fr\/\",\"name\":\"Accueil\"}},{\"@type\":\"ListItem\",\"position\":2,\"item\":{\"@type\":\"WebPage\",\"@id\":\"https:\/\/sc-parcs-et-jardins.fr\/index.php\/entretien-parcs-et-jardins\/\",\"url\":\"https:\/\/sc-parcs-et-jardins.fr\/index.php\/entretien-parcs-et-jardins\/\",\"name\":\"Entretien Parcs et Jardins: taille et entretien\"}}]}]}<\/script>\n<!-- \/ Yoast SEO plugin. -->","_links":{"self":[{"href":"https:\/\/sc-parcs-et-jardins.fr\/index.php\/wp-json\/wp\/v2\/pages\/7"}],"collection":[{"href":"https:\/\/sc-parcs-et-jardins.fr\/index.php\/wp-json\/wp\/v2\/pages"}],"about":[{"href":"https:\/\/sc-parcs-et-jardins.fr\/index.php\/wp-json\/wp\/v2\/types\/page"}],"author":[{"embeddable":true,"href":"https:\/\/sc-parcs-et-jardins.fr\/index.php\/wp-json\/wp\/v2\/users\/1"}],"replies":[{"embeddable":true,"href":"https:\/\/sc-parcs-et-jardins.fr\/index.php\/wp-json\/wp\/v2\/comments?post=7"}],"version-history":[{"count":11,"href":"https:\/\/sc-parcs-et-jardins.fr\/index.php\/wp-json\/wp\/v2\/pages\/7\/revisions"}],"predecessor-version":[{"id":196,"href":"https:\/\/sc-parcs-et-jardins.fr\/index.php\/wp-json\/wp\/v2\/pages\/7\/revisions\/196"}],"wp:attachment":[{"href":"https:\/\/sc-parcs-et-jardins.fr\/index.php\/wp-json\/wp\/v2\/media?parent=7"}],"curies":[{"name":"wp","href":"https:\/\/api.w.org\/{rel}","templated":true}]}}